{"id":62,"date":"2025-10-29T10:49:08","date_gmt":"2025-10-29T10:49:08","guid":{"rendered":"https:\/\/dinahpfau.medientheater.org\/?page_id=62"},"modified":"2026-04-21T08:20:37","modified_gmt":"2026-04-21T08:20:37","slug":"publications","status":"publish","type":"page","link":"https:\/\/dinahpfau.medientheater.org\/?page_id=62","title":{"rendered":"Publications"},"content":{"rendered":"\n<p><\/p>\n\n\n\n<p><strong>PUblications<\/strong><\/p>\n\n\n\n<hr class=\"wp-block-separator has-alpha-channel-opacity\"\/>\n\n\n\n<p><br><strong>Books<\/strong><br>\u2022 (In Preparation) Pfau D. (2026). <em>Tracking Images. History of image processing and pattern<\/em> <em>recognition in West Germany<\/em>. De Gruyter.<br><\/p>\n\n\n\n<p><strong>Dissertation<\/strong><br>\u2022 Pfau, D. (2024). <em>Den Bildern auf der Spur. Epistemische Praktiken der Bildverarbeitung und<\/em> <em>Mustererkennung in Teilchenphysik, Nachrichtentechnik und Informatik in der BRD, 1950\u20131980.<\/em> [Dissertation]. University of Luxembourg.<br><\/p>\n\n\n\n<p><strong>Editor<\/strong><br>\u2022 Pfau, D. (Ed.) (2023). <em>K\u00fcnstliche Intelligenz: Perspektiven auf epistemische, praktische und<\/em> <em>historiographische Herausforderungen<\/em>. K\u00fcnstliche Intelligenz und Weltverstehen, Stuttgart. Wissenschaftliche Verlagsgesellschaft.<br><\/p>\n\n\n\n<p><strong>Article<\/strong><br>\u2022 (In Preparation) Pfau, D. (2026). Practicing Pattern Recognition. Human-machine interaction at the German Electron Synchrotron.<\/p>\n\n\n\n<p>\u2022 (Accepted) Pfau, D. (2026) Technikgeschichte im und durch den Comic. <em>Zeitschrift f\u00fcr empirische Kulturwissenschaft<\/em>.<br>\u2022 Pfau, D., Piel, H., M\u00fcller, F., Tschandl, J., &amp; Seising, R. (2023). The \u201cKI-Rundbrief,\u201d Its Editors, and Its Community: A Perspective on West German AI, 1975\u20131987. <em>IEEE Annals of the History<\/em> <em>of Computing<\/em>, <em>45<\/em>(3), 48\u201365. https:\/\/doi.org\/10.1109\/MAHC.2023.3295465.<br>\u2022 M\u00fcller, F., Pfau, D., Piel, H., Seising, R., &amp; Tschandl, J. (2021). Projektvorstellung. IGGI\u2013Ingenieur-Geist und Geistes-Ingenieure. Eine Geschichte der K\u00fcnstlichen Intelligenz in der Bundesrepublik Deutschland. <em>Technikgeschichte<\/em>, <em>88<\/em>(2), 213\u2013222. <br>https:\/\/doi.org\/10.5771\/0040-117X-2021-2-213.<br><\/p>\n\n\n\n<p><strong>Chapters<\/strong><br>\u2022 Pfau, D. (2023). Mit Blick auf KI. Von der Teilchenphysik zur KI, 1964\u20131976. In U. Hashagen &amp; R. Seising (Eds.), <em>Geschichten der K\u00fcnstlichen Intelligenz<\/em> (41\u201392). Deutsches Museum Verlag. https:\/\/www.deutsches-museum.de\/assets\/Verlag\/Download\/Studies\/Studies-13-down-load.pdf.<br>\u2022 Pfau, D., &amp; Piel, H. (2023). Vernetzte K\u00fcnstliche Intelligenz: Fr\u00fche bundesdeutsche KI- Forschung von den 1960er bis Ende der 1980er Jahre. In D. Pfau (Ed.), <em>K\u00fcnstliche Intelligenz:<\/em> <em>Epistemische, praktische und historiographische Herausforderungen<\/em> (48\u201365). Wissenschaftliche Verlagsgesellschaft Stuttgart.<br><\/p>\n\n\n\n<p><strong>Diverse<\/strong><br>\u2022 Pfau, D. (2026). M. Pasquinelli: Das Auge des Meisters. <em>H-Soz-Kult, Rezensionen<\/em>. https:\/\/www.hsozkult.de\/review\/id\/reb-155124?title=m-pasquinelli-das-auge-des-meisters&amp;recno=1&amp;q=&amp;sort=&amp;fq=&amp;total=20962<\/p>\n\n\n\n<p>\u2022 (Submitted) Pfau, D. (2025). DESY und die \u201aScanning-Girls\u2018<em>. Physik Journal<\/em>.<br>\u2022 Pfau, D., &amp; St\u00f6ltzner, M. (2025). <em>How to Find Signatures of New Particles? A<\/em> <em>Comparative Assessment of the Scanning Girls and Current Expectations about Machine Learning in Experimental Particle Physics<\/em>. 10th International Conference on Integrated History and Philosophy of Science, Los Angeles.<br>\u2022 Retkowski, F., Z\u00fcfle, M., Sudmann, A., Pfau, D., Niehues, J., &amp; Waibel, A. (2025). <em>From Speech<\/em> <em>to Summary: A Comprehensive Survey of Speech Summarization<\/em> (Version 1). arXiv. <br>https:\/\/doi.org\/10.48550\/ARXIV.2504.08024.<br>\u2022 M\u00fcller, F., Pfau, D., Piel, H., Seising, R., &amp; Tschandl, J. (2020). Eine Geschichte der k\u00fcnstlichen Intelligenz. IGGI \u2013 Ingenieur-Geist und Geistes-Ingenieure<em>. Kultur und Technik.<\/em> <em>44<\/em>(3), 18\u201321.<\/p>\n","protected":false},"excerpt":{"rendered":"<p>PUblications Books\u2022 (In Preparation) Pfau D. (2026). Tracking Images. History of image processing and pattern recognition in West Germany. De Gruyter. Dissertation\u2022 Pfau, D. (2024). Den Bildern auf der Spur. Epistemische Praktiken der Bildverarbeitung und Mustererkennung in Teilchenphysik, Nachrichtentechnik und Informatik in der BRD, 1950\u20131980. [Dissertation]. University of Luxembourg. Editor\u2022 Pfau, D. (Ed.) (2023). K\u00fcnstliche [&hellip;]<\/p>\n","protected":false},"author":1,"featured_media":0,"parent":0,"menu_order":0,"comment_status":"closed","ping_status":"closed","template":"","meta":{"footnotes":""},"class_list":["post-62","page","type-page","status-publish","hentry"],"_links":{"self":[{"href":"https:\/\/dinahpfau.medientheater.org\/index.php?rest_route=\/wp\/v2\/pages\/62","targetHints":{"allow":["GET"]}}],"collection":[{"href":"https:\/\/dinahpfau.medientheater.org\/index.php?rest_route=\/wp\/v2\/pages"}],"about":[{"href":"https:\/\/dinahpfau.medientheater.org\/index.php?rest_route=\/wp\/v2\/types\/page"}],"author":[{"embeddable":true,"href":"https:\/\/dinahpfau.medientheater.org\/index.php?rest_route=\/wp\/v2\/users\/1"}],"replies":[{"embeddable":true,"href":"https:\/\/dinahpfau.medientheater.org\/index.php?rest_route=%2Fwp%2Fv2%2Fcomments&post=62"}],"version-history":[{"count":11,"href":"https:\/\/dinahpfau.medientheater.org\/index.php?rest_route=\/wp\/v2\/pages\/62\/revisions"}],"predecessor-version":[{"id":309,"href":"https:\/\/dinahpfau.medientheater.org\/index.php?rest_route=\/wp\/v2\/pages\/62\/revisions\/309"}],"wp:attachment":[{"href":"https:\/\/dinahpfau.medientheater.org\/index.php?rest_route=%2Fwp%2Fv2%2Fmedia&parent=62"}],"curies":[{"name":"wp","href":"https:\/\/api.w.org\/{rel}","templated":true}]}}